{"id":60,"date":"2017-02-14T07:56:11","date_gmt":"2017-02-14T10:56:11","guid":{"rendered":"http:\/\/colegiodelourdes.edu.ar\/lourdes\/?page_id=60"},"modified":"2017-02-14T07:56:11","modified_gmt":"2017-02-14T10:56:11","slug":"ideario","status":"publish","type":"page","link":"http:\/\/colegiodelourdes.edu.ar\/lourdes\/ideario\/","title":{"rendered":"Ideario"},"content":{"rendered":"<p><span style=\"font-weight: 400;\">Nuestra Misi\u00f3n es HACER CRECER A CRISTO EN EL CORAZ\u00d3N DE CADA MIEMBRO DE LA COMUNIDAD EDUCATIVA.<\/span><\/p>\n<p><span style=\"font-weight: 400;\">Como Colegio Cat\u00f3lico, centramos nuestro proyecto en la persona de Cristo, en quien todos los valores humanos encuentran su realizaci\u00f3n y su unidad. Creemos en una educaci\u00f3n que es parte de la evangelizaci\u00f3n, y que por eso garantice la relaci\u00f3n entre fe, cultura y vida en todas sus dimensiones. <\/span><\/p>\n<p><span style=\"font-weight: 400;\">En un Colegio de estas caracter\u00edsticas hay una \u00fanica tarea: la s\u00edntesis fe-cultura\u2013vida, desarrollada en m\u00faltiples procesos pedag\u00f3gicos-pastorales.<\/span><\/p>\n<p><span style=\"font-weight: 400;\">Nos orientamos hacia un proyecto de ser humano en el que habite Cristo con el poder \u00a0transformador de su vida nueva, promoviendo una educaci\u00f3n de calidad para todos. <\/span><\/p>\n<p><span style=\"font-weight: 400;\">Nuestro proyecto educativo busca impulsar el encuentro de los valores culturales de nuestro pa\u00eds descubriendo e integrando en ellos la dimensi\u00f3n religiosa y trascendente. En realidad, la cultura, para ser educativa, debe insertarse en los problemas del tiempo en el que se desarrolla la vida del joven. De esta manera, las distintas disciplinas han de presentar no s\u00f3lo un saber por adquirir, sino tambi\u00e9n valores por asimilar y verdades por descubrir.<\/span><\/p>\n<p><span style=\"font-weight: 400;\">Esta concepci\u00f3n requiere que toda la comunidad educativa asuma el rol de formadora de disc\u00edpulos y misioneros en todos sus niveles. Queremos ser un Colegio donde los valores del Evangelio no solo se expresen en actividades aisladas o en algunos momentos del proceso de ense\u00f1anza y de aprendizaje, sino sean abordados de manera transversal en todo el curr\u00edculum y tambi\u00e9n sean vividos cotidianamente por toda la comunidad, que en su modo de relacionarse, encarne la propuesta cristiana. <\/span><\/p>\n<p>&nbsp;<\/p>\n","protected":false},"excerpt":{"rendered":"<p>Nuestra Misi\u00f3n es HACER CRECER A CRISTO EN EL CORAZ\u00d3N DE CADA MIEMBRO DE LA COMUNIDAD EDUCATIVA. Como Colegio Cat\u00f3lico,<\/p>\n","protected":false},"author":2,"featured_media":0,"parent":0,"menu_order":0,"comment_status":"closed","ping_status":"closed","template":"","meta":{"colormag_page_container_layout":"default_layout","colormag_page_sidebar_layout":"default_layout","footnotes":""},"class_list":["post-60","page","type-page","status-publish","hentry"],"_links":{"self":[{"href":"http:\/\/colegiodelourdes.edu.ar\/lourdes\/wp-json\/wp\/v2\/pages\/60","targetHints":{"allow":["GET"]}}],"collection":[{"href":"http:\/\/colegiodelourdes.edu.ar\/lourdes\/wp-json\/wp\/v2\/pages"}],"about":[{"href":"http:\/\/colegiodelourdes.edu.ar\/lourdes\/wp-json\/wp\/v2\/types\/page"}],"author":[{"embeddable":true,"href":"http:\/\/colegiodelourdes.edu.ar\/lourdes\/wp-json\/wp\/v2\/users\/2"}],"replies":[{"embeddable":true,"href":"http:\/\/colegiodelourdes.edu.ar\/lourdes\/wp-json\/wp\/v2\/comments?post=60"}],"version-history":[{"count":1,"href":"http:\/\/colegiodelourdes.edu.ar\/lourdes\/wp-json\/wp\/v2\/pages\/60\/revisions"}],"predecessor-version":[{"id":61,"href":"http:\/\/colegiodelourdes.edu.ar\/lourdes\/wp-json\/wp\/v2\/pages\/60\/revisions\/61"}],"wp:attachment":[{"href":"http:\/\/colegiodelourdes.edu.ar\/lourdes\/wp-json\/wp\/v2\/media?parent=60"}],"curies":[{"name":"wp","href":"https:\/\/api.w.org\/{rel}","templated":true}]}}