{"id":53,"date":"2017-02-14T07:47:03","date_gmt":"2017-02-14T10:47:03","guid":{"rendered":"http:\/\/colegiodelourdes.edu.ar\/lourdes\/?page_id=53"},"modified":"2017-02-14T07:55:25","modified_gmt":"2017-02-14T10:55:25","slug":"secundaria","status":"publish","type":"page","link":"http:\/\/colegiodelourdes.edu.ar\/lourdes\/secundaria\/","title":{"rendered":"Secundaria"},"content":{"rendered":"<p><span style=\"font-weight: 400;\">En este ciclo se atiende a adolescentes en la profundizaci\u00f3n de los conocimientos adquiridos a la vez que los acompa\u00f1a en el reconocimiento de elecciones posibles futuras para continuar estudios o ingresar a la vida laboral.<\/span><span style=\"font-weight: 400;\"><br \/>\n<\/span><span style=\"font-weight: 400;\">Desarrollar capacidades para resolver distintas situaciones y problemas.<\/span><span style=\"font-weight: 400;\"><br \/>\n<\/span><span style=\"font-weight: 400;\"><br \/>\n<\/span><span style=\"font-weight: 400;\">Es el conocimiento puesto en acci\u00f3n:<\/span><\/p>\n<ul>\n<li style=\"font-weight: 400;\"><span style=\"font-weight: 400;\">interpretar consignas.<\/span><\/li>\n<li style=\"font-weight: 400;\"><span style=\"font-weight: 400;\">saber buscar y comprender la informaci\u00f3n.<\/span><\/li>\n<li style=\"font-weight: 400;\"><span style=\"font-weight: 400;\">saber observar.<\/span><\/li>\n<li style=\"font-weight: 400;\"><span style=\"font-weight: 400;\">producir mensajes coherentes y claros.<\/span><\/li>\n<li style=\"font-weight: 400;\"><span style=\"font-weight: 400;\">resolver problemas.<\/span><\/li>\n<\/ul>\n<p><span style=\"font-weight: 400;\">Todo en un marco profundamente cristiano y desarrollando principalmente el sentido social y comunitario.<\/span><span style=\"font-weight: 400;\"><br \/>\n<\/span><span style=\"font-weight: 400;\"><br \/>\n<\/span><b>Turnos:<\/b><span style=\"font-weight: 400;\">\u00a0ma\u00f1ana y tarde<\/span><span style=\"font-weight: 400;\"><br \/>\n<\/span><span style=\"font-weight: 400;\">Computaci\u00f3n- ingles- catequesis<\/span><\/p>\n<p><b>\u00a0Orientaci\u00f3n Econom\u00eda<\/b><\/p>\n<p><b><i>Bienvenidos al mundo de la empresa!<\/i><\/b><\/p>\n<p><span style=\"font-weight: 400;\">Esta orientaci\u00f3n est\u00e1 dise\u00f1ada para aquellos que quieran desarrollar una vocaci\u00f3n por entender las leyes del mercado, emprender proyectos e introducirse en el complejo y apasionante mundo empresarial.<\/span><span style=\"font-weight: 400;\"><br \/>\n<\/span><span style=\"font-weight: 400;\">Nuestros egresados contaran con la capacitaci\u00f3n necesaria para incorporarse en diferentes \u00e1mbitos:<\/span><\/p>\n<ul>\n<li style=\"font-weight: 400;\"><span style=\"font-weight: 400;\">Desde el punto de vista\u00a0<\/span><b>LABORAL<\/b><span style=\"font-weight: 400;\">\u00a0adquiriendo las competencias necesarias para asistir en diversas \u00e1reas de la empresa.<\/span><\/li>\n<li style=\"font-weight: 400;\"><span style=\"font-weight: 400;\">Desde la \u00f3ptica\u00a0<\/span><b>VOCACIONAL<\/b><span style=\"font-weight: 400;\">\u00a0sentando las bases para ingresar a carreras universitarias tales como:<\/span><span style=\"font-weight: 400;\"><br \/>\n<\/span><span style=\"font-weight: 400;\">Licenciatura en Administraci\u00f3n, Contador P\u00fablico, Econom\u00eda, Comercializaci\u00f3n Recursos Humanos, entre otras<\/span><\/li>\n<\/ul>\n<p><span style=\"font-weight: 400;\">\u00a0<\/span><\/p>\n<p><b>Objetivos<\/b><\/p>\n<p><b>Nuestro objetivo fundamental es brindar una formaci\u00f3n que permita:<\/b><\/p>\n<ul>\n<li style=\"font-weight: 400;\"><span style=\"font-weight: 400;\">Adoptar una actitud de trabajo que posibilite la comprensi\u00f3n de la problem\u00e1tica de las actividades empresariales.<\/span><\/li>\n<li style=\"font-weight: 400;\"><span style=\"font-weight: 400;\">Introducir al alumno en la realidad social, pol\u00ectica y econ\u00f3mica de nuestro pais.<\/span><\/li>\n<li style=\"font-weight: 400;\"><span style=\"font-weight: 400;\">Fomentar el inter\u00e9s por el desarrollo empresario con un sentido social y cristiano.<\/span><span style=\"font-weight: 400;\"><br \/>\n<\/span><span style=\"font-weight: 400;\">Turnos: ma\u00f1ana.\u00a0<\/span><span style=\"font-weight: 400;\"><br \/>\n<\/span><span style=\"font-weight: 400;\">Actividades extraprogramaticas: taller de impuestos , taller de liquidaci\u00f3n de sueldos<\/span><\/li>\n<\/ul>\n<p><b>Orientaci\u00f3n Humanidades y Ciencias Sociales <\/b><\/p>\n<p><span style=\"font-weight: 400;\">\u00a0<\/span><i><span style=\"font-weight: 400;\">La inteligencia consiste no s\u00f3lo en el conocimiento, sino tambi\u00e9n en la destreza de aplicar los conocimientos en la pr\u00e1ctica\u2026<\/span><\/i> <b><i>ARIST\u00d3TELES<\/i><\/b><\/p>\n<p><span style=\"font-weight: 400;\">Esta orientaci\u00f3n tiene por objetivo brindar al alumno las claves para la comprensi\u00f3n del mundo actual de forma din\u00e1mica integrado y con sentido cristiano.<\/span><span style=\"font-weight: 400;\"><br \/>\n<\/span><span style=\"font-weight: 400;\"><br \/>\n<\/span><span style=\"font-weight: 400;\">Desde el punto de vista\u00a0<\/span><b>VOCACIONAL<\/b><span style=\"font-weight: 400;\">\u00a0los alumnos los alumnos egresan con los saberes necesarios para incursionar en estudios superiores en el campo del derecho, la historia, la filosof\u00eda, la antropolog\u00eda, la psicolog\u00eda, la literatura, ciencias pol\u00edticas entre otra disciplinas.<\/span><span style=\"font-weight: 400;\"><br \/>\n<\/span><span style=\"font-weight: 400;\"><br \/>\n<\/span><span style=\"font-weight: 400;\">Permitiendo a nuestros egresados alcanzar una formaci\u00f3n integral d\u00e1ndole las herramientas para desenvolverse en el contexto actual de cambio permanente.<\/span><\/p>\n<p><span style=\"font-weight: 400;\">\u00a0<\/span><b>Objetivos<\/b><\/p>\n<ul>\n<li style=\"font-weight: 400;\"><span style=\"font-weight: 400;\">Obtener una visi\u00f3n integral de los fen\u00f3menos sociales.<\/span><\/li>\n<li style=\"font-weight: 400;\"><span style=\"font-weight: 400;\">Dise\u00f1ar proyectos de interacci\u00f3n con la comunidad.<\/span><\/li>\n<li style=\"font-weight: 400;\"><span style=\"font-weight: 400;\">Aplicar el rigor cient\u00edfico a la b\u00fasqueda de la verdad.<\/span><\/li>\n<li style=\"font-weight: 400;\"><span style=\"font-weight: 400;\">La aplicaci\u00f3n permanente de los valores cristianos.<\/span><\/li>\n<\/ul>\n<p><b>Turnos:<\/b><span style=\"font-weight: 400;\">\u00a0ma\u00f1ana<\/span><span style=\"font-weight: 400;\"><br \/>\n<\/span><b>Actividades extraprogram\u00e1ticas:<\/b><span style=\"font-weight: 400;\">\u00a0talleres preuniversitarios<\/span><span style=\"font-weight: 400;\"> y Catequesis<\/span><\/p>\n<p><span style=\"font-weight: 400;\">\u00a0<\/span><\/p>\n<p><b>Actividades extraprogram\u00e1ticas optativas.<\/b><\/p>\n<p><b>Talleres de Comunicaci\u00f3n Escolar y Matem\u00e1tica para quienes ingresen al Nivel Secundario<\/b><\/p>\n<p><b>Proyecto de Certificaci\u00f3n de Conocimientos en Idioma extranjero \u2013 Ingl\u00e9s -ANGLIA <\/b><\/p>\n<p><b>Certificaci\u00f3n de conocimientos inform\u00e1ticos &#8211; UTN<\/b><\/p>\n<p><b>Escuela de F\u00fatbol y Hockey<\/b><\/p>\n<p><b>Talleres para padres sobre distintas tem\u00e1ticas de la realidad adolescente<\/b><\/p>\n<p><span style=\"font-weight: 400;\">.<\/span><\/p>\n","protected":false},"excerpt":{"rendered":"<p>En este ciclo se atiende a adolescentes en la profundizaci\u00f3n de los conocimientos adquiridos a la vez que los acompa\u00f1a<\/p>\n","protected":false},"author":2,"featured_media":0,"parent":0,"menu_order":0,"comment_status":"closed","ping_status":"closed","template":"","meta":{"colormag_page_container_layout":"default_layout","colormag_page_sidebar_layout":"default_layout","footnotes":""},"class_list":["post-53","page","type-page","status-publish","hentry"],"_links":{"self":[{"href":"http:\/\/colegiodelourdes.edu.ar\/lourdes\/wp-json\/wp\/v2\/pages\/53","targetHints":{"allow":["GET"]}}],"collection":[{"href":"http:\/\/colegiodelourdes.edu.ar\/lourdes\/wp-json\/wp\/v2\/pages"}],"about":[{"href":"http:\/\/colegiodelourdes.edu.ar\/lourdes\/wp-json\/wp\/v2\/types\/page"}],"author":[{"embeddable":true,"href":"http:\/\/colegiodelourdes.edu.ar\/lourdes\/wp-json\/wp\/v2\/users\/2"}],"replies":[{"embeddable":true,"href":"http:\/\/colegiodelourdes.edu.ar\/lourdes\/wp-json\/wp\/v2\/comments?post=53"}],"version-history":[{"count":2,"href":"http:\/\/colegiodelourdes.edu.ar\/lourdes\/wp-json\/wp\/v2\/pages\/53\/revisions"}],"predecessor-version":[{"id":59,"href":"http:\/\/colegiodelourdes.edu.ar\/lourdes\/wp-json\/wp\/v2\/pages\/53\/revisions\/59"}],"wp:attachment":[{"href":"http:\/\/colegiodelourdes.edu.ar\/lourdes\/wp-json\/wp\/v2\/media?parent=53"}],"curies":[{"name":"wp","href":"https:\/\/api.w.org\/{rel}","templated":true}]}}